{"id":277910,"date":"2025-08-03T01:40:58","date_gmt":"2025-08-02T23:40:58","guid":{"rendered":"https:\/\/4mb.net.pl\/?page_id=277910"},"modified":"2025-08-03T21:58:21","modified_gmt":"2025-08-03T19:58:21","slug":"o-nas","status":"publish","type":"page","link":"https:\/\/4mb.net.pl\/en\/o-nas\/","title":{"rendered":"About Us"},"content":{"rendered":"<p>[et_pb_section fb_built=&#8221;1&#8243; admin_label=&#8221;About Section&#8221; _builder_version=&#8221;4.27.4&#8243; background_color=&#8221;#00a0e3&#8243; background_image=&#8221;https:\/\/4mb.net.pl\/wp-content\/uploads\/2025\/08\/electrician_19.png&#8221; background_position=&#8221;top_center&#8221; module_alignment=&#8221;center&#8221; custom_padding=&#8221;||||true|false&#8221; global_colors_info=&#8221;{}&#8221;][et_pb_row padding_top_bottom_link_1=&#8221;false&#8221; padding_left_right_link_1=&#8221;true&#8221; _builder_version=&#8221;4.27.4&#8243; width=&#8221;100%&#8221; max_width=&#8221;100%&#8221; module_alignment=&#8221;center&#8221; custom_margin=&#8221;||||false|false&#8221; custom_padding=&#8221;||||false|false&#8221; use_custom_width=&#8221;on&#8221; width_unit=&#8221;off&#8221; custom_width_percent=&#8221;100%&#8221; global_colors_info=&#8221;{}&#8221;][et_pb_column type=&#8221;4_4&#8243; _builder_version=&#8221;4.27.4&#8243; custom_padding=&#8221;||||false|false&#8221; custom_padding_tablet=&#8221;40px|||&#8221; custom_padding_phone=&#8221;&#8221; custom_padding_last_edited=&#8221;on|tablet&#8221; global_colors_info=&#8221;{}&#8221; padding_tablet=&#8221;40px|||&#8221; padding_last_edited=&#8221;on|tablet&#8221; custom_padding__hover=&#8221;|||&#8221; padding_phone=&#8221;40px|||&#8221;][et_pb_text _builder_version=&#8221;4.27.4&#8243; text_font=&#8221;||||||||&#8221; header_font=&#8221;||||||||&#8221; header_2_font=&#8221;Libre Franklin|300|||||||&#8221; header_2_text_color=&#8221;#FFFFFF&#8221; header_2_font_size=&#8221;48px&#8221; header_2_line_height=&#8221;1.4em&#8221; header_4_text_color=&#8221;#FFFFFF&#8221; module_alignment=&#8221;center&#8221; custom_margin=&#8221;||||false|false&#8221; header_2_font_size_tablet=&#8221;42px&#8221; header_2_font_size_phone=&#8221;32px&#8221; header_2_font_size_last_edited=&#8221;on|phone&#8221; locked=&#8221;off&#8221; global_colors_info=&#8221;{}&#8221;]<\/p>\n<h2 style=\"text-align: center;\"><span style=\"color: #e31e24;\"><strong>4MB sp. z o.o. Maciej Bojanowski<\/strong><\/span><\/h2>\n<p>[\/et_pb_text][et_pb_text _builder_version=&#8221;4.27.4&#8243; text_font=&#8221;||||||||&#8221; text_text_color=&#8221;#000000&#8243; text_font_size=&#8221;16px&#8221; text_line_height=&#8221;1.8em&#8221; header_font=&#8221;||||||||&#8221; max_width=&#8221;650px&#8221; module_alignment=&#8221;center&#8221; custom_margin=&#8221;||||false|false&#8221; custom_margin_tablet=&#8221;|||0px&#8221; custom_margin_phone=&#8221;||||false|false&#8221; custom_margin_last_edited=&#8221;on|phone&#8221; custom_padding=&#8221;||||false|false&#8221; hover_enabled=&#8221;0&#8243; locked=&#8221;off&#8221; global_colors_info=&#8221;{}&#8221; sticky_enabled=&#8221;0&#8243; custom_padding_last_edited=&#8221;on|desktop&#8221; custom_padding_phone=&#8221;|25px||25px|false|false&#8221; custom_padding_tablet=&#8221;||||false|false&#8221;]<\/p>\n<p><span style=\"color: #ffffff;\"><strong>Over 20 Years of Experience in Illuminated Advertising and Electrical Installations.<\/strong><\/span><br \/>We bring proven knowledge and technical expertise in electrical systems, advanced mounting solutions, rebraiding, and remodeling work.<\/p>\n<p>Multiple dedicated installation teams successfully deliver projects under challenging conditions \u2013 both in terms \nof location and weather \u2013 across Poland and throughout Europe.<\/p>\n<p><span style=\"color: #ffffff;\"><strong>Full-Service Offering<\/strong><\/span><br \/>We provide comprehensive end-to-end support for projects in the areas of electrical installations, advertising \nsystems, and visual brand identification \u2013 from design and production to final installation.\nOur priorities are clear: the highest quality of service and the fastest possible project turnaround. \nThese principles guide every collaboration with our clients.<\/p>\n<p><span style=\"color: #ffffff;\"><strong>Quality Without Compromise<br \/><\/strong><\/span>Each client receives the highest standard of service \u2013 every time. Thanks to extensive design, production, and installation capabilities, I can execute virtually any project, regardless of complexity.<br \/>My proven track record, recognized by respected figures in the industry, stems from a deep commitment to quality and a flexible, client-oriented approach.<\/p>\n<p>This is crucial for demanding customers whose goal is to effectively reach their target audience.In external brand communication, nothing is more powerful than a compelling and unique visual identity.<\/p>\n<p>&nbsp;<\/p>\n<p>[\/et_pb_text][et_pb_image src=&#8221;https:\/\/4mb.net.pl\/wp-content\/uploads\/2025\/08\/20131123_152746-kopia.jpg&#8221; title_text=&#8221;20131123_152746 kopia&#8221; align=&#8221;center&#8221; _builder_version=&#8221;4.27.4&#8243; _module_preset=&#8221;default&#8221; max_width=&#8221;70%&#8221; max_width_tablet=&#8221;70%&#8221; max_width_phone=&#8221;95%&#8221; max_width_last_edited=&#8221;on|phone&#8221; custom_margin=&#8221;||||false|false&#8221; border_radii=&#8221;on|35px|35px|35px|35px&#8221; global_colors_info=&#8221;{}&#8221;][\/et_pb_image][\/et_pb_column][\/et_pb_row][\/et_pb_section]<\/p>","protected":false},"excerpt":{"rendered":"<p>4MB sp. z o.o. Maciej BojanowskiPonad 20 lat do\u015bwiadcze\u0144 w realizacjach wizualnych reklam \u015bwietlnych i instalacji elektrycznych.Wiedza i kompetencja w instalacjach elektrycznych ,rozwi\u0105zaniach monta\u017cowych, rebraidingu i remodelingu. Kilkana\u015bcie ekip monta\u017cowych realizuje projekty w trudnych warunkach lokalizacyjnych, atmosferycznych na terenie Polski i Europy. Pe\u0142en Zakres Us\u0142ugOferujemy kompleksow\u0105 obs\u0142ug\u0119 wszystkich zlece\u0144 z zakresu instalacje elektryczne i reklamy [&hellip;]<\/p>","protected":false},"author":1,"featured_media":0,"parent":0,"menu_order":0,"comment_status":"closed","ping_status":"closed","template":"","meta":{"_et_pb_use_builder":"on","_et_pb_old_content":"","_et_gb_content_width":"","footnotes":""},"class_list":["post-277910","page","type-page","status-publish","hentry"],"_links":{"self":[{"href":"https:\/\/4mb.net.pl\/en\/wp-json\/wp\/v2\/pages\/277910","targetHints":{"allow":["GET"]}}],"collection":[{"href":"https:\/\/4mb.net.pl\/en\/wp-json\/wp\/v2\/pages"}],"about":[{"href":"https:\/\/4mb.net.pl\/en\/wp-json\/wp\/v2\/types\/page"}],"author":[{"embeddable":true,"href":"https:\/\/4mb.net.pl\/en\/wp-json\/wp\/v2\/users\/1"}],"replies":[{"embeddable":true,"href":"https:\/\/4mb.net.pl\/en\/wp-json\/wp\/v2\/comments?post=277910"}],"version-history":[{"count":0,"href":"https:\/\/4mb.net.pl\/en\/wp-json\/wp\/v2\/pages\/277910\/revisions"}],"wp:attachment":[{"href":"https:\/\/4mb.net.pl\/en\/wp-json\/wp\/v2\/media?parent=277910"}],"curies":[{"name":"wp","href":"https:\/\/api.w.org\/{rel}","templated":true}]}}